{"id":41,"date":"2026-01-28T14:31:21","date_gmt":"2026-01-28T13:31:21","guid":{"rendered":"https:\/\/e-electronique.com\/home-2\/"},"modified":"2026-01-29T17:03:29","modified_gmt":"2026-01-29T16:03:29","slug":"home-2","status":"publish","type":"page","link":"https:\/\/e-electronique.com\/","title":{"rendered":"Home"},"content":{"rendered":"\n<div class=\"wp-block-uagb-container uagb-block-c832201d alignfull uagb-is-root-container\">\n<div class=\"wp-block-uagb-container uagb-block-64e228b6 alignfull uagb-is-root-container\"><div class=\"uagb-container-inner-blocks-wrap\">\n<div class=\"wp-block-uagb-container uagb-block-cb2cd1da\">\n<div class=\"wp-block-uagb-info-box uagb-block-c33a8662 uagb-infobox__content-wrap  uagb-infobox-icon-above-title uagb-infobox-image-valign-top\"><div class=\"uagb-ifb-content\"><div class=\"uagb-ifb-title-wrap\"><span class=\"uagb-ifb-title-prefix\">Solutions \u00e9lectroniques<\/span><h1 class=\"uagb-ifb-title\">Fourniture en \u00e9lectronique reconditionn\u00e9e pour l&rsquo;industrie<\/h1><\/div><p class=\"uagb-ifb-desc\">Nous fournissons des solutions \u00e9lectroniques fiables et reconditionn\u00e9es pour des secteurs industriels critiques, avec qualit\u00e9 et rapidit\u00e9.<\/p><div class=\"uagb-ifb-button-wrapper wp-block-button\"><a href=\"contact\/\" class=\"uagb-infobox-cta-link wp-block-button__link\" target=\"_self\" rel=\"noopener noreferrer\" onclick=\"return true;\"><span class=\"uagb-inline-editing\">Faites une demande<\/span><\/a><\/div><\/div><\/div>\n<\/div>\n<\/div><\/div>\n<\/div>\n\n\n\n<div class=\"wp-block-uagb-container uagb-layout-grid uagb-block-114b0629 alignfull uagb-is-root-container\"><div class=\"uagb-container-inner-blocks-wrap\">\n<div class=\"wp-block-uagb-info-box uagb-block-de8d50a4 uagb-infobox__content-wrap  uagb-infobox-icon-above-title uagb-infobox-image-valign-top wp-block-uagb-info-box--has-margin\"><div class=\"uagb-infobox-margin-wrapper\"><div class=\"uagb-ifb-content\"><div class=\"uagb-ifb-title-wrap\"><span class=\"uagb-ifb-title-prefix\">Nos Services<\/span><h2 class=\"uagb-ifb-title\">Services de recherche \u00e9lectronique sur mesure<\/h2><\/div><p class=\"uagb-ifb-desc\">D\u00e9couvrez nos services adapt\u00e9s pour la recherche et l&rsquo;approvisionnement en composants \u00e9lectroniques obsol\u00e8tes et critiques.<\/p><div class=\"uagb-ifb-button-wrapper wp-block-button\"><a href=\"services\/\" class=\"uagb-infobox-cta-link wp-block-button__link\" target=\"_self\" rel=\"noopener noreferrer\" onclick=\"return true;\"><span class=\"uagb-inline-editing\">En savoir plus<\/span><\/a><\/div><\/div><\/div><\/div>\n\n\n\n<div class=\"wp-block-uagb-container uagb-block-f1f5cdec\">\n<div class=\"wp-block-uagb-container uagb-block-fb578369\">\n<div class=\"wp-block-uagb-image alignleft uagb-block-1a1240f8 wp-block-uagb-image--layout-default wp-block-uagb-image--effect-static wp-block-uagb-image--align-left\"><figure class=\"wp-block-uagb-image__figure\"><img loading=\"lazy\" decoding=\"async\" srcset=\"https:\/\/e-electronique.com\/wp-content\/uploads\/2026\/01\/pexels-photo-2888355.jpg ,https:\/\/e-electronique.com\/wp-content\/uploads\/2026\/01\/pexels-photo-2888355.jpg 780w, https:\/\/e-electronique.com\/wp-content\/uploads\/2026\/01\/pexels-photo-2888355.jpg 360w\" sizes=\"auto, (max-width: 480px) 150px\" src=\"https:\/\/e-electronique.com\/wp-content\/uploads\/2026\/01\/pexels-photo-2888355.jpg\" alt=\"A commercial jet airplane viewed from below against a clear blue sky.\" class=\"uag-image-1516\" width=\"120\" height=\"120\" title=\"services-01\" loading=\"lazy\" role=\"img\"\/><\/figure><\/div>\n\n\n\n<div class=\"wp-block-uagb-advanced-heading uagb-block-28b299b1\"><p class=\"uagb-heading-text\">Recherche de Modules<\/p><p class=\"uagb-desc-text\">Recherche sp\u00e9cialis\u00e9e de modules \u00e9lectroniques pour les industriels.<\/p><\/div>\n\n\n\n<div class=\"wp-block-uagb-image alignleft uagb-block-1f058e72 wp-block-uagb-image--layout-default wp-block-uagb-image--effect-static wp-block-uagb-image--align-left\"><figure class=\"wp-block-uagb-image__figure\"><img loading=\"lazy\" decoding=\"async\" srcset=\"https:\/\/e-electronique.com\/wp-content\/uploads\/2026\/01\/pexels-photo-18959221.jpeg ,https:\/\/e-electronique.com\/wp-content\/uploads\/2026\/01\/pexels-photo-18959221.jpeg 780w, https:\/\/e-electronique.com\/wp-content\/uploads\/2026\/01\/pexels-photo-18959221.jpeg 360w\" sizes=\"auto, (max-width: 480px) 150px\" src=\"https:\/\/e-electronique.com\/wp-content\/uploads\/2026\/01\/pexels-photo-18959221.jpeg\" alt=\"A naval frigate navigates open waters with a hovering helicopter, showcasing maritime operations.\" class=\"uag-image-1517\" width=\"120\" height=\"120\" title=\"services-03\" loading=\"lazy\" role=\"img\"\/><\/figure><\/div>\n\n\n\n<div class=\"wp-block-uagb-advanced-heading uagb-block-d85c73d6\"><p class=\"uagb-heading-text\">Composants \u00c9lectroniques<\/p><p class=\"uagb-desc-text\">Approvisionnement de composants \u00e9lectroniques divers et sp\u00e9cialis\u00e9s.<\/p><\/div>\n<\/div>\n\n\n\n<div class=\"wp-block-uagb-container uagb-block-3d30d307\">\n<div class=\"wp-block-uagb-image alignleft uagb-block-9dc4ad54 wp-block-uagb-image--layout-default wp-block-uagb-image--effect-static wp-block-uagb-image--align-left\"><figure class=\"wp-block-uagb-image__figure\"><img loading=\"lazy\" decoding=\"async\" srcset=\"https:\/\/e-electronique.com\/wp-content\/uploads\/2026\/01\/pexels-photo-257700.jpeg ,https:\/\/e-electronique.com\/wp-content\/uploads\/2026\/01\/pexels-photo-257700.jpeg 780w, https:\/\/e-electronique.com\/wp-content\/uploads\/2026\/01\/pexels-photo-257700.jpeg 360w\" sizes=\"auto, (max-width: 480px) 150px\" src=\"https:\/\/e-electronique.com\/wp-content\/uploads\/2026\/01\/pexels-photo-257700.jpeg\" alt=\"A towering industrial plant under a vivid blue sky, showcasing its intricate architecture and industrial prowess.\" class=\"uag-image-1518\" width=\"120\" height=\"120\" title=\"services-02\" loading=\"lazy\" role=\"img\"\/><\/figure><\/div>\n\n\n\n<div class=\"wp-block-uagb-advanced-heading uagb-block-9a16196d\"><p class=\"uagb-heading-text\">Automatisme Industriel<\/p><p class=\"uagb-desc-text\">Solutions en automatisme industriel (PLC, HMI, etc.).<\/p><\/div>\n\n\n\n<div class=\"wp-block-uagb-image alignleft uagb-block-f31a84c7 wp-block-uagb-image--layout-default wp-block-uagb-image--effect-static wp-block-uagb-image--align-left\"><figure class=\"wp-block-uagb-image__figure\"><img loading=\"lazy\" decoding=\"async\" srcset=\"https:\/\/e-electronique.com\/wp-content\/uploads\/2026\/01\/pexels-photo-185039.jpeg ,https:\/\/e-electronique.com\/wp-content\/uploads\/2026\/01\/pexels-photo-185039.jpeg 780w, https:\/\/e-electronique.com\/wp-content\/uploads\/2026\/01\/pexels-photo-185039.jpeg 360w\" sizes=\"auto, (max-width: 480px) 150px\" src=\"https:\/\/e-electronique.com\/wp-content\/uploads\/2026\/01\/pexels-photo-185039.jpeg\" alt=\"A powerful industrial structure with pipes and machinery in Duisburg, Germany.\" class=\"uag-image-1519\" width=\"120\" height=\"120\" title=\"services-04\" loading=\"lazy\" role=\"img\"\/><\/figure><\/div>\n\n\n\n<div class=\"wp-block-uagb-advanced-heading uagb-block-dcb73de9\"><p class=\"uagb-heading-text\">Appareils de Mesure<\/p><p class=\"uagb-desc-text\">Fourniture d&rsquo;appareils de mesure pr\u00e9cis\u00e9s et certifi\u00e9s.<\/p><\/div>\n<\/div>\n<\/div>\n<\/div><\/div>\n\n\n\n<div class=\"wp-block-uagb-container uagb-layout-grid uagb-block-d90960c4 alignfull uagb-is-root-container\"><div class=\"uagb-container-inner-blocks-wrap\">\n<div class=\"wp-block-uagb-container uagb-layout-grid uagb-block-d9a77612\">\n<div class=\"wp-block-uagb-image alignright uagb-block-f55e8804 wp-block-uagb-image--layout-default wp-block-uagb-image--effect-static wp-block-uagb-image--align-right\"><figure class=\"wp-block-uagb-image__figure\"><img loading=\"lazy\" decoding=\"async\" srcset=\"https:\/\/e-electronique.com\/wp-content\/uploads\/2026\/01\/pexels-photo-5953813.jpeg ,https:\/\/e-electronique.com\/wp-content\/uploads\/2026\/01\/pexels-photo-5953813.jpeg 780w, https:\/\/e-electronique.com\/wp-content\/uploads\/2026\/01\/pexels-photo-5953813.jpeg 360w\" sizes=\"auto, (max-width: 480px) 150px\" src=\"https:\/\/e-electronique.com\/wp-content\/uploads\/2026\/01\/pexels-photo-5953813.jpeg\" alt=\"Detailed view of industrial machinery in a modern facility, showcasing technology and organization.\" class=\"uag-image-1520\" width=\"560\" height=\"450\" title=\"who-we-are\" loading=\"lazy\" role=\"img\"\/><\/figure><\/div>\n\n\n\n<div class=\"wp-block-uagb-container uagb-block-7d898b37\">\n<div class=\"wp-block-uagb-container uagb-block-fecf44f7\">\n<div class=\"wp-block-uagb-counter uagb-block-cf61768c wp-block-uagb-counter--number\"><div class=\"wp-block-uagb-counter__number\"><span class=\"uagb-counter-block-number\" data-duration=\"1.5\" data-to-value=\"20\" data-from-value=\"0\" data-delimiter=\",\"><\/span><span class=\"uagb-counter-block-suffix\">+<\/span><\/div><div class=\"wp-block-uagb-counter__title\">Ann\u00e9es d&rsquo;exp\u00e9rience<\/div><\/div>\n<\/div>\n\n\n\n<div class=\"wp-block-uagb-container uagb-block-6a148dbd\">\n<p><strong>Stock critique interne<\/strong><\/p>\n<\/div>\n<\/div>\n<\/div>\n\n\n\n<div class=\"wp-block-uagb-container uagb-layout-grid uagb-block-d9f7b1bd\">\n<div class=\"wp-block-uagb-info-box uagb-block-cda1e914 uagb-infobox__content-wrap  uagb-infobox-icon-above-title uagb-infobox-image-valign-top wp-block-uagb-info-box--has-margin\"><div class=\"uagb-infobox-margin-wrapper\"><div class=\"uagb-ifb-content\"><div class=\"uagb-ifb-title-wrap\"><span class=\"uagb-ifb-title-prefix\">\u00c0 Propos<\/span><h2 class=\"uagb-ifb-title\">La passion pour l&rsquo;\u00e9lectronique au service des industriels<\/h2><\/div><p class=\"uagb-ifb-desc\">Fort de 20 ans d&rsquo;exp\u00e9rience, la soci\u00e9t\u00e9 et Projets est engag\u00e9e \u00e0 aider les industriels \u00e0 trouver des solutions \u00e9lectroniques durables et de qualit\u00e9.<\/p><div class=\"uagb-ifb-button-wrapper wp-block-button\"><a href=\"about\/\" class=\"uagb-infobox-cta-link wp-block-button__link\" target=\"_self\" rel=\"noopener noreferrer\" onclick=\"return true;\"><span class=\"uagb-inline-editing\">En savoir plus<\/span><\/a><\/div><\/div><\/div><\/div>\n\n\n\n<div class=\"wp-block-uagb-image alignleft uagb-block-13671b7d wp-block-uagb-image--layout-default wp-block-uagb-image--effect-static wp-block-uagb-image--align-left\"><figure class=\"wp-block-uagb-image__figure\"><img loading=\"lazy\" decoding=\"async\" srcset=\"https:\/\/e-electronique.com\/wp-content\/uploads\/2026\/01\/pexels-photo-256297.jpeg ,https:\/\/e-electronique.com\/wp-content\/uploads\/2026\/01\/pexels-photo-256297.jpeg 780w, https:\/\/e-electronique.com\/wp-content\/uploads\/2026\/01\/pexels-photo-256297.jpeg 360w\" sizes=\"auto, (max-width: 480px) 150px\" src=\"https:\/\/e-electronique.com\/wp-content\/uploads\/2026\/01\/pexels-photo-256297.jpeg\" alt=\"View of a spacecraft assembly line with rockets in a spacious hangar.\" class=\"uag-image-1521\" width=\"560\" height=\"430\" title=\"journey\" loading=\"lazy\" role=\"img\"\/><\/figure><\/div>\n<\/div>\n<\/div><\/div>\n\n\n\n<div class=\"wp-block-uagb-container uagb-layout-grid uagb-block-0c49f28e alignfull uagb-is-root-container\"><div class=\"uagb-container-inner-blocks-wrap\">\n<div class=\"wp-block-uagb-advanced-heading uagb-block-2ce61579\"><h2 class=\"uagb-heading-text\">Transformez vos besoins en solutions d\u00e8s maintenant !<\/h2><\/div>\n\n\n\n<div class=\"wp-block-uagb-buttons uagb-buttons__outer-wrap uagb-btn__default-btn uagb-btn-tablet__default-btn uagb-btn-mobile__default-btn uagb-block-e1ff53da\"><div class=\"uagb-buttons__wrap uagb-buttons-layout-wrap \">\n<div class=\"wp-block-uagb-buttons-child uagb-buttons__outer-wrap uagb-block-30132705 wp-block-button\"><div class=\"uagb-button__wrapper\"><a class=\"uagb-buttons-repeater wp-block-button__link\" aria-label=\"\" href=\"contact\/\" rel=\"follow noopener\" target=\"_self\" role=\"button\"><div class=\"uagb-button__link\">Faites une demande<\/div><\/a><\/div><\/div>\n<\/div><\/div>\n<\/div><\/div>\n\n\n\n<div class=\"wp-block-uagb-container uagb-layout-flex uagb-block-7ce8ce00 alignfull uagb-is-root-container\"><div class=\"uagb-container-inner-blocks-wrap\">\n<div class=\"wp-block-uagb-container uagb-block-4f78f7d6\">\n<div class=\"wp-block-uagb-advanced-heading uagb-block-143fd9b9\"><p class=\"uagb-desc-text\">Valeur Ajout\u00e9e<\/p><h2 class=\"uagb-heading-text\">Pourquoi choisir Net Projets ?<\/h2><\/div>\n\n\n\n<div class=\"wp-block-uagb-image uagb-block-40669a77 wp-block-uagb-image--layout-default wp-block-uagb-image--effect-static wp-block-uagb-image--align-none\"><figure class=\"wp-block-uagb-image__figure\"><img loading=\"lazy\" decoding=\"async\" srcset=\"https:\/\/e-electronique.com\/wp-content\/uploads\/2026\/01\/pexels-photo-459728.jpeg ,https:\/\/e-electronique.com\/wp-content\/uploads\/2026\/01\/pexels-photo-459728.jpeg 780w, https:\/\/e-electronique.com\/wp-content\/uploads\/2026\/01\/pexels-photo-459728.jpeg 360w\" sizes=\"auto, (max-width: 480px) 150px\" src=\"https:\/\/e-electronique.com\/wp-content\/uploads\/2026\/01\/pexels-photo-459728.jpeg\" alt=\"View of a power plant with smoke emissions under a cloudy sky, depicting industrial energy production.\" class=\"uag-image-1522\" width=\"570\" height=\"400\" title=\"why-choose-us\" loading=\"lazy\" role=\"img\"\/><\/figure><\/div>\n<\/div>\n\n\n\n<div class=\"wp-block-uagb-container uagb-block-f8dd0d02\">\n<div class=\"wp-block-uagb-container uagb-block-dc6e81b7\">\n<div class=\"wp-block-uagb-info-box uagb-block-1d6b24ed uagb-infobox__content-wrap  uagb-infobox-icon-above-title uagb-infobox-image-valign-top wp-block-uagb-info-box--has-margin\"><div class=\"uagb-infobox-margin-wrapper\"><div class=\"uagb-ifb-content\"><div class=\"uagb-ifb-title-wrap\"><span class=\"uagb-ifb-title-prefix\">01<\/span><h3 class=\"uagb-ifb-title\">Expertise reconnue<\/h3><\/div><p class=\"uagb-ifb-desc\">B\u00e9n\u00e9ficiez de 20 ans d&rsquo;exp\u00e9rience dans la recherche et l&rsquo;approvisionnement de composants \u00e9lectroniques pour divers secteurs industriels critiques.<\/p><\/div><\/div><\/div>\n\n\n\n<div class=\"wp-block-uagb-info-box uagb-block-3b8fa956 uagb-infobox__content-wrap  uagb-infobox-icon-above-title uagb-infobox-image-valign-top wp-block-uagb-info-box--has-margin\"><div class=\"uagb-infobox-margin-wrapper\"><div class=\"uagb-ifb-content\"><div class=\"uagb-ifb-title-wrap\"><span class=\"uagb-ifb-title-prefix\">02<\/span><h3 class=\"uagb-ifb-title\">Rapidit\u00e9 d&rsquo;ex\u00e9cution<\/h3><\/div><p class=\"uagb-ifb-desc\">Notre approvisionnement rapide permet de maintenir vos installations en fonctionnement sans interruption, gr\u00e2ce \u00e0 un processus simplifi\u00e9 de demande.<\/p><\/div><\/div><\/div>\n<\/div>\n\n\n\n<div class=\"wp-block-uagb-container uagb-block-db16a1fd\">\n<div class=\"wp-block-uagb-info-box uagb-block-d040c93f uagb-infobox__content-wrap  uagb-infobox-icon-above-title uagb-infobox-image-valign-top wp-block-uagb-info-box--has-margin\"><div class=\"uagb-infobox-margin-wrapper\"><div class=\"uagb-ifb-content\"><div class=\"uagb-ifb-title-wrap\"><span class=\"uagb-ifb-title-prefix\">03<\/span><h3 class=\"uagb-ifb-title\">Produits de qualit\u00e9<\/h3><\/div><p class=\"uagb-ifb-desc\">Nous garantissons la qualit\u00e9 des produits reconditionn\u00e9s, assurant fiabilit\u00e9 et performance pour vos besoins industriels critiques.<\/p><\/div><\/div><\/div>\n\n\n\n<div class=\"wp-block-uagb-info-box uagb-block-3517b2ee uagb-infobox__content-wrap  uagb-infobox-icon-above-title uagb-infobox-image-valign-top wp-block-uagb-info-box--has-margin\"><div class=\"uagb-infobox-margin-wrapper\"><div class=\"uagb-ifb-content\"><div class=\"uagb-ifb-title-wrap\"><span class=\"uagb-ifb-title-prefix\">04<\/span><h3 class=\"uagb-ifb-title\">Service personnalis\u00e9<\/h3><\/div><p class=\"uagb-ifb-desc\">Chaque demande est trait\u00e9e avec soin, vous offrant un service personnalis\u00e9 et attentif \u00e0 vos sp\u00e9cificit\u00e9s industrielles.<\/p><\/div><\/div><\/div>\n<\/div>\n<\/div>\n<\/div><\/div>\n\n\n\n<div class=\"wp-block-uagb-container uagb-block-589dc7bc alignfull uagb-is-root-container\"><div class=\"uagb-container-inner-blocks-wrap\"><\/div><\/div>\n\n\n\n<div class=\"wp-block-uagb-container uagb-block-82f7e11c alignfull uagb-is-root-container\"><div class=\"uagb-container-inner-blocks-wrap\">\n<div class=\"wp-block-uagb-info-box uagb-block-29a068cf uagb-infobox__content-wrap  uagb-infobox-icon-above-title uagb-infobox-image-valign-top\"><div class=\"uagb-ifb-content\"><div class=\"uagb-ifb-title-wrap\"><span class=\"uagb-ifb-title-prefix\">Contactez-nous<\/span><h2 class=\"uagb-ifb-title\">Pr\u00eat \u00e0 trouver vos composants \u00e9lectroniques critiques ?<\/h2><\/div><p class=\"uagb-ifb-desc\">Remplissez notre formulaire de contact d\u00e8s aujourd&rsquo;hui et laissez-nous vous aider dans votre recherche en \u00e9lectronique.<\/p><div class=\"uagb-ifb-button-wrapper wp-block-button\"><a href=\"contact\/\" class=\"uagb-infobox-cta-link wp-block-button__link\" target=\"_self\" rel=\"noopener noreferrer\" onclick=\"return true;\"><span class=\"uagb-inline-editing\">Faites une demande<\/span><\/a><\/div><\/div><\/div>\n<\/div><\/div>\n","protected":false},"excerpt":{"rendered":"<p>Recherche de Modules Recherche sp\u00e9cialis\u00e9e de modules \u00e9lectroniques pour les industriels. Composants \u00c9lectroniques Approvisionnement de composants \u00e9lectroniques divers et sp\u00e9cialis\u00e9s. [&hellip;]<\/p>\n","protected":false},"author":1,"featured_media":0,"parent":0,"menu_order":0,"comment_status":"closed","ping_status":"closed","template":"","meta":{"_uag_custom_page_level_css":"","_sitemap_exclude":false,"_sitemap_priority":"","_sitemap_frequency":"","site-sidebar-layout":"default","site-content-layout":"","ast-site-content-layout":"default","site-content-style":"default","site-sidebar-style":"default","ast-global-header-display":"","ast-banner-title-visibility":"","ast-main-header-display":"","ast-hfb-above-header-display":"","ast-hfb-below-header-display":"","ast-hfb-mobile-header-display":"","site-post-title":"disabled","ast-breadcrumbs-content":"","ast-featured-img":"","footer-sml-layout":"","ast-disable-related-posts":"","theme-transparent-header-meta":"","adv-header-id-meta":"","stick-header-meta":"","header-above-stick-meta":"","header-main-stick-meta":"","header-below-stick-meta":"","astra-migrate-meta-layouts":"default","ast-page-background-enabled":"default","ast-page-background-meta":{"desktop":{"background-color":"var(--ast-global-color-4)","background-image":"","background-repeat":"repeat","background-position":"center center","background-size":"auto","background-attachment":"scroll","background-type":"","background-media":"","overlay-type":"","overlay-color":"","overlay-opacity":"","overlay-gradient":""},"tablet":{"background-color":"","background-image":"","background-repeat":"repeat","background-position":"center center","background-size":"auto","background-attachment":"scroll","background-type":"","background-media":"","overlay-type":"","overlay-color":"","overlay-opacity":"","overlay-gradient":""},"mobile":{"background-color":"","background-image":"","background-repeat":"repeat","background-position":"center center","background-size":"auto","background-attachment":"scroll","background-type":"","background-media":"","overlay-type":"","overlay-color":"","overlay-opacity":"","overlay-gradient":""}},"ast-content-background-meta":{"desktop":{"background-color":"var(--ast-global-color-5)","background-image":"","background-repeat":"repeat","background-position":"center center","background-size":"auto","background-attachment":"scroll","background-type":"","background-media":"","overlay-type":"","overlay-color":"","overlay-opacity":"","overlay-gradient":""},"tablet":{"background-color":"var(--ast-global-color-5)","background-image":"","background-repeat":"repeat","background-position":"center center","background-size":"auto","background-attachment":"scroll","background-type":"","background-media":"","overlay-type":"","overlay-color":"","overlay-opacity":"","overlay-gradient":""},"mobile":{"background-color":"var(--ast-global-color-5)","background-image":"","background-repeat":"repeat","background-position":"center center","background-size":"auto","background-attachment":"scroll","background-type":"","background-media":"","overlay-type":"","overlay-color":"","overlay-opacity":"","overlay-gradient":""}},"footnotes":""},"class_list":["post-41","page","type-page","status-publish","hentry"],"uagb_featured_image_src":{"full":false,"thumbnail":false,"medium":false,"medium_large":false,"large":false,"1536x1536":false,"2048x2048":false},"uagb_author_info":{"display_name":"lmorice","author_link":"https:\/\/e-electronique.com\/author\/lmorice\/"},"uagb_comment_info":0,"uagb_excerpt":"Recherche de Modules Recherche sp\u00e9cialis\u00e9e de modules \u00e9lectroniques pour les industriels. Composants \u00c9lectroniques Approvisionnement de composants \u00e9lectroniques divers et sp\u00e9cialis\u00e9s. [&hellip;]","_links":{"self":[{"href":"https:\/\/e-electronique.com\/wp-json\/wp\/v2\/pages\/41","targetHints":{"allow":["GET"]}}],"collection":[{"href":"https:\/\/e-electronique.com\/wp-json\/wp\/v2\/pages"}],"about":[{"href":"https:\/\/e-electronique.com\/wp-json\/wp\/v2\/types\/page"}],"author":[{"embeddable":true,"href":"https:\/\/e-electronique.com\/wp-json\/wp\/v2\/users\/1"}],"replies":[{"embeddable":true,"href":"https:\/\/e-electronique.com\/wp-json\/wp\/v2\/comments?post=41"}],"version-history":[{"count":10,"href":"https:\/\/e-electronique.com\/wp-json\/wp\/v2\/pages\/41\/revisions"}],"predecessor-version":[{"id":1592,"href":"https:\/\/e-electronique.com\/wp-json\/wp\/v2\/pages\/41\/revisions\/1592"}],"wp:attachment":[{"href":"https:\/\/e-electronique.com\/wp-json\/wp\/v2\/media?parent=41"}],"curies":[{"name":"wp","href":"https:\/\/api.w.org\/{rel}","templated":true}]}}